{"id":12774,"date":"2017-02-08T09:38:00","date_gmt":"2017-02-08T13:38:00","guid":{"rendered":"http:\/\/buylocalnb.ca\/welcome\/"},"modified":"2017-03-31T13:36:15","modified_gmt":"2017-03-31T16:36:15","slug":"welcome","status":"publish","type":"page","link":"https:\/\/buylocalnb.ca\/fr\/","title":{"rendered":"Bienvenue"},"content":{"rendered":"<p>[vc_row full_height=\u00a0\u00bbyes\u00a0\u00bb columns_placement=\u00a0\u00bbtop\u00a0\u00bb content_placement=\u00a0\u00bbtop\u00a0\u00bb inner_container=\u00a0\u00bbno\u00a0\u00bb section_type=\u00a0\u00bbalternate\u00a0\u00bb type=\u00a0\u00bbimage\u00a0\u00bb padding_top=\u00a0\u00bb20&Prime; padding_bottom=\u00a0\u00bb0&Prime; margin_top=\u00a0\u00bb0&Prime; margin_bottom=\u00a0\u00bb0&Prime; min_height=\u00a0\u00bbfull\u00a0\u00bb fixed_height=\u00a0\u00bbfull\u00a0\u00bb bg_image=\u00a0\u00bb10790&Prime;][vc_column css=\u00a0\u00bb.vc_custom_1487337954315{margin-top: 120px !important;border-top-width: 90px !important;padding-top: 90px !important;}\u00a0\u00bb][vc_column_text font_size=\u00a0\u00bb35&Prime; responsive_font=\u00a0\u00bbyes\u00a0\u00bb font_size_xs=\u00a0\u00bb15&Prime; font_size_sm=\u00a0\u00bb30&Prime; font_size_md=\u00a0\u00bb30&Prime; css=\u00a0\u00bb.vc_custom_1490813623994{padding-top: 40px !important;}\u00a0\u00bb]<\/p>\n<h1>Sentir Bien. Achetez Local.<\/h1>\n<p>[\/vc_column_text]<div class=\"text-center\"><a class=\"btn with-icon btn-highlight btn-lg\" href=\"http:\/\/buylocalnb.ca\/fr\/directory\/\" style=\" box-shadow: 0px 0px 13px 2px #565656;font-size: 90;\"><i class=\"icon-glyph-3\" ><\/i> Rechercher des produits locaux<\/a><\/div>[\/vc_column][\/vc_row][vc_row type=\u00a0\u00bbimage\u00a0\u00bb vertical_align=\u00a0\u00bbyes\u00a0\u00bb padding_right=\u00a0\u00bb0&Prime;][vc_column width=\u00a0\u00bb1\/2&Prime;][vc_column_text text_color=\u00a0\u00bb#004878&Prime; responsive_font=\u00a0\u00bbyes\u00a0\u00bb font_size_xs=\u00a0\u00bb15&Prime; font_size_sm=\u00a0\u00bb18&Prime; font_size_md=\u00a0\u00bb30&Prime;]<\/p>\n<h2><strong>Bienvenue.<\/strong><\/h2>\n<p>[\/vc_column_text][vc_column_text lead=\u00a0\u00bbyes\u00a0\u00bb text_color=\u00a0\u00bb#000000&Prime; font_size=\u00a0\u00bb15&Prime; responsive_font=\u00a0\u00bbyes\u00a0\u00bb font_size_xs=\u00a0\u00bb14&Prime; font_size_sm=\u00a0\u00bb15&Prime; font_size_md=\u00a0\u00bb17&Prime; css=\u00a0\u00bb.vc_custom_1490901264839{background-color: #ffffff !important;}\u00a0\u00bb]<strong>Bienvenue \u00e0 notre r\u00e9pertoire\u00a0des produits locaux du Nouveau-Brunswick.<\/strong><\/p>\n<p>Nous savons qu\u2019il existe plusieurs fermes et produits qui ne sont pas mentionn\u00e9s dans notre r\u00e9pertoire. Nous esp\u00e9rons que vous transmettrez le message et encouragerez les agriculteurs, les producteurs d\u2019aliments \u00e0 valeur ajout\u00e9e, les march\u00e9s agricoles, les caf\u00e9s et les \u00e9piciers locaux \u00e0 s\u2019informer au sujet de la participation \u00e0 cette initiative.<\/p>\n<p>\u00cates-vous un producteur du Nouveau-Brunswick? Veuillez t\u00e9l\u00e9charger les renseignements sur votre entreprise ici\u00a0:[\/vc_column_text]<a class=\"btn btn-primary btn-lg btn-text-animated hover-tip\" href=\"http:\/\/buylocalnb.ca\/fr\/add-listing\/\" target=\"_blank\" data-toggle=\"tooltip\" data-original-title=\"Ajouter votre entreprise \u00e0 notre r\u00e9pertoire !\" data-placement=\"\"><span>Ajouter Votre Entreprise<\/span><span><\/span><\/a>[\/vc_column][vc_column width=\u00a0\u00bb1\/2&Prime; css=\u00a0\u00bb.vc_custom_1486484865938{background-color: #ffffff !important;}\u00a0\u00bb][vc_single_image image=\u00a0\u00bb10403&Prime; img_size=\u00a0\u00bbfull\u00a0\u00bb alignment=\u00a0\u00bbcenter\u00a0\u00bb css=\u00a0\u00bb.vc_custom_1490659614836{margin-top: 20px !important;margin-right: 20px !important;margin-bottom: 20px !important;margin-left: 20px !important;border-top-width: 10px !important;border-right-width: 10px !important;border-bottom-width: 10px !important;border-left-width: 10px !important;padding-top: 20px !important;padding-right: 20px !important;padding-bottom: 20px !important;padding-left: 20px !important;}\u00a0\u00bb][\/vc_column][\/vc_row][vc_row text_align=\u00a0\u00bbcenter\u00a0\u00bb vertical_align=\u00a0\u00bbyes\u00a0\u00bb][vc_column css=\u00a0\u00bb.vc_custom_1486485516171{background-color: #ffffff !important;}\u00a0\u00bb][vc_column_text]<\/p>\n<h2>Passez le message. Partagez BuyLocal NB !<div class=\"\">\n<div class=\"share-links\">\n\n    <div class=\"hr-title hr-long\"><abbr>Partager ceci<\/abbr><\/div>\n\n    <span class=\"kleo-love\">\n    <a href=\"#\" class=\"item-likes\" id=\"item-likes-6416\" title=\"Like this\"><span class=\"item-likes-count\">73<\/span> <span class=\"item-likes-postfix\">likes<\/span><\/a>    <\/span>\n\n        <span class=\"kleo-facebook\">\n        <a href=\"http:\/\/www.facebook.com\/sharer.php?u=https:\/\/buylocalnb.ca\/fr\/\" class=\"post_share_facebook\"\n           onclick=\"javascript:window.open(this.href,'', 'menubar=no,toolbar=no,resizable=yes,scrollbars=yes,height=220,width=600');return false;\">\n            <i class=\"icon-facebook\"><\/i>\n        <\/a>\n    <\/span>\n    \n        <span class=\"kleo-twitter\">\n        <a href=\"https:\/\/twitter.com\/share?url=https:\/\/buylocalnb.ca\/fr\/\" class=\"post_share_twitter\"\n           onclick=\"javascript:window.open(this.href,'', 'menubar=no,toolbar=no,resizable=yes,scrollbars=yes,height=260,width=600');return false;\">\n            <i class=\"icon-twitter\"><\/i>\n        <\/a>\n    <\/span>\n    \n        <span class=\"kleo-googleplus\">\n        <a href=\"https:\/\/plus.google.com\/share?url=https:\/\/buylocalnb.ca\/fr\/\"\n           onclick=\"javascript:window.open(this.href,'', 'menubar=no,toolbar=no,resizable=yes,scrollbars=yes,height=600,width=600');return false;\">\n            <i class=\"icon-gplus\"><\/i>\n        <\/a>\n    <\/span>\n    \n        <span class=\"kleo-pinterest\">\n        <a href=\"http:\/\/pinterest.com\/pin\/create\/button\/?url=https:\/\/buylocalnb.ca\/fr\/&media=&description=Bienvenue\"\n           onclick=\"javascript:window.open(this.href,'', 'menubar=no,toolbar=no,resizable=yes,scrollbars=yes,height=600,width=600');return false;\">\n            <i class=\"icon-pinterest-circled\"><\/i>\n        <\/a>\n    <\/span>\n    \n    \n    \n        <span class=\"kleo-mail\">\n        <a href=\"mailto:?subject=Bienvenue&body=https:\/\/buylocalnb.ca\/fr\/\" class=\"post_share_email\">\n            <i class=\"icon-mail\"><\/i>\n        <\/a>\n    <\/span>\n    \n<\/div>\n\n<\/div><\/h2>\n<p>[\/vc_column_text][vc_column_text]<a href=\"http:\/\/buylocalnb.ca\/fr\/directory\/\">R\u00e9pertoire<\/a> \u00a0| \u00a0<a href=\"http:\/\/buylocalnb.ca\/fr\/partners\/\">Organismes Partenaires<\/a>\u00a0 | \u00a0<a href=\"http:\/\/buylocalnb.ca\/fr\/about-us\/\">\u00c0\u00a0Propos<\/a>\u00a0 | \u00a0<a href=\"http:\/\/buylocalnb.ca\/fr\/add-listing\/\">Ajouter Votre Entreprise<\/a>\u00a0 |\u00a0<a href=\"http:\/\/buylocalnb.ca\/fr\/contactus\/\">Nous Joindre<\/a>[\/vc_column_text][vc_column_text font_size=\u00a0\u00bb12&Prime; responsive_font=\u00a0\u00bbyes\u00a0\u00bb font_size_xs=\u00a0\u00bb12&Prime; font_size_sm=\u00a0\u00bb15&Prime; font_size_md=\u00a0\u00bb15&Prime; css=\u00a0\u00bb.vc_custom_1490973598209{padding-bottom: 30px !important;}\u00a0\u00bb]\u00a9 2017\u00a0Buy Local NB. Un\u00a0projet du <a href=\"http:\/\/www.conservationcouncil.ca\/fr\/\">Conseil de conservation du Nouveau-Brunswick<\/a>. Tous droits r\u00e9serv\u00e9s. \u00a0 | \u00a0 Conception du site: <a href=\"http:\/\/www.imprint-design.com\">imprint-design.com<\/a>[\/vc_column_text][\/vc_column][\/vc_row][vc_row][vc_column][vc_single_image image=\u00a0\u00bb10423&Prime; img_size=\u00a0\u00bbfull\u00a0\u00bb][\/vc_column][\/vc_row]<\/p>\n","protected":false},"excerpt":{"rendered":"<p>[vc_row full_height=\u00a0\u00bbyes\u00a0\u00bb columns_placement=\u00a0\u00bbtop\u00a0\u00bb content_placement=\u00a0\u00bbtop\u00a0\u00bb inner_container=\u00a0\u00bbno\u00a0\u00bb section_type=\u00a0\u00bbalternate\u00a0\u00bb type=\u00a0\u00bbimage\u00a0\u00bb padding_top=\u00a0\u00bb20&Prime; padding_bottom=\u00a0\u00bb0&Prime; margin_top=\u00a0\u00bb0&Prime; margin_bottom=\u00a0\u00bb0&Prime; min_height=\u00a0\u00bbfull\u00a0\u00bb fixed_height=\u00a0\u00bbfull\u00a0\u00bb bg_image=\u00a0\u00bb10790&Prime;][vc_column css=\u00a0\u00bb.vc_custom_1487337954315{margin-top: 120px !important;border-top-width: 90px !important;padding-top: 90px !important;}\u00a0\u00bb][vc_column_text font_size=\u00a0\u00bb35&Prime; responsive_font=\u00a0\u00bbyes\u00a0\u00bb font_size_xs=\u00a0\u00bb15&Prime; font_size_sm=\u00a0\u00bb30&Prime; font_size_md=\u00a0\u00bb30&Prime; css=\u00a0\u00bb.vc_custom_1490813623994{padding-top: 40px !important;}\u00a0\u00bb] Sentir Bien. Achetez Local. [\/vc_column_text][\/vc_column][\/vc_row][vc_row type=\u00a0\u00bbimage\u00a0\u00bb vertical_align=\u00a0\u00bbyes\u00a0\u00bb padding_right=\u00a0\u00bb0&Prime;][vc_column width=\u00a0\u00bb1\/2&Prime;][vc_column_text text_color=\u00a0\u00bb#004878&Prime; responsive_font=\u00a0\u00bbyes\u00a0\u00bb font_size_xs=\u00a0\u00bb15&Prime; font_size_sm=\u00a0\u00bb18&Prime; font_size_md=\u00a0\u00bb30&Prime;] Bienvenue. [\/vc_column_text][vc_column_text lead=\u00a0\u00bbyes\u00a0\u00bb text_color=\u00a0\u00bb#000000&Prime; font_size=\u00a0\u00bb15&Prime; responsive_font=\u00a0\u00bbyes\u00a0\u00bb font_size_xs=\u00a0\u00bb14&Prime; font_size_sm=\u00a0\u00bb15&Prime; font_size_md=\u00a0\u00bb17&Prime; css=\u00a0\u00bb.vc_custom_1490901264839{background-color: #ffffff !important;}\u00a0\u00bb]Bienvenue \u00e0 notre r\u00e9pertoire\u00a0des produits locaux<\/p>\n","protected":false},"author":1,"featured_media":0,"parent":0,"menu_order":0,"comment_status":"open","ping_status":"closed","template":"page-templates\/full-width.php","meta":{"_exactmetrics_skip_tracking":false,"_exactmetrics_sitenote_active":false,"_exactmetrics_sitenote_note":"","_exactmetrics_sitenote_category":0,"footnotes":""},"class_list":["post-12774","page","type-page","status-publish","hentry"],"_links":{"self":[{"href":"https:\/\/buylocalnb.ca\/fr\/wp-json\/wp\/v2\/pages\/12774","targetHints":{"allow":["GET"]}}],"collection":[{"href":"https:\/\/buylocalnb.ca\/fr\/wp-json\/wp\/v2\/pages"}],"about":[{"href":"https:\/\/buylocalnb.ca\/fr\/wp-json\/wp\/v2\/types\/page"}],"author":[{"embeddable":true,"href":"https:\/\/buylocalnb.ca\/fr\/wp-json\/wp\/v2\/users\/1"}],"replies":[{"embeddable":true,"href":"https:\/\/buylocalnb.ca\/fr\/wp-json\/wp\/v2\/comments?post=12774"}],"version-history":[{"count":1,"href":"https:\/\/buylocalnb.ca\/fr\/wp-json\/wp\/v2\/pages\/12774\/revisions"}],"predecessor-version":[{"id":12775,"href":"https:\/\/buylocalnb.ca\/fr\/wp-json\/wp\/v2\/pages\/12774\/revisions\/12775"}],"wp:attachment":[{"href":"https:\/\/buylocalnb.ca\/fr\/wp-json\/wp\/v2\/media?parent=12774"}],"curies":[{"name":"wp","href":"https:\/\/api.w.org\/{rel}","templated":true}]}}