{"id":12782,"date":"2015-05-22T17:14:29","date_gmt":"2015-05-22T17:14:29","guid":{"rendered":"http:\/\/buylocalnb.ca\/directory\/"},"modified":"2017-04-07T01:17:58","modified_gmt":"2017-04-07T04:17:58","slug":"directory","status":"publish","type":"page","link":"https:\/\/buylocalnb.ca\/fr\/directory\/","title":{"rendered":"R\u00e9pertoire Buy Local NB"},"content":{"rendered":"<p>[vc_section 0=\u00a0\u00bb\u00a0\u00bb][vc_row][vc_column][vc_custom_heading text=\u00a0\u00bbBienvenue sur le r\u00e9pertoire de Buy Local NB<br \/>\n\u00a0\u00bb font_container=\u00a0\u00bbtag:h2|text_align:center|color:%23004878&Prime; google_fonts=\u00a0\u00bbfont_family:PT%20Sans%3Aregular%2Citalic%2C700%2C700italic|font_style:700%20bold%20regular%3A700%3Anormal\u00a0\u00bb][vc_column_text font_size=\u00a0\u00bb20&Prime; responsive_font=\u00a0\u00bbyes\u00a0\u00bb font_size_xs=\u00a0\u00bb15&Prime; font_size_sm=\u00a0\u00bb18&Prime; font_size_md=\u00a0\u00bb20&Prime;]Notre patrimoine culturel\u00a0: go\u00fbtez-y en d\u00e9gustant les produits de nos cultivateurs et d\u00e9couvrez-le en admirant le travail de nos artisans. Et vous soutiendrez en m\u00eame temps notre \u00e9conomie locale![\/vc_column_text][vc_row_inner][vc_column_inner width=\u00a0\u00bb1\/2&Prime;][vc_column_text font_size=\u00a0\u00bb18&Prime; css=\u00a0\u00bb.vc_custom_1490972924242{margin-top: -20px !important;}\u00a0\u00bb]Vous cherchez un march\u00e9 agricole pr\u00e8s de chez vous? D\u00e9velopp\u00e9e par\u00a0<a href=\"http:\/\/nfunb.org\/fr\/apropos\/\">L\u2019Union nationale des fermiers\u00a0au Nouveau\u2011Brunswick<\/a> en partenariat avec le <a href=\"http:\/\/www2.gnb.ca\/content\/gnb\/fr\/ministeres\/10.html\">gouvernement provincial<\/a>, la carte des march\u00e9s agricoles du N.\u2011B. est un excellent outil pour vous aider \u00e0 acheter des produits locaux. Des exemplaires imprim\u00e9s de la carte sont offerts en quantit\u00e9 limit\u00e9e dans tous les march\u00e9s agricoles ainsi que dans les centres d\u2019information touristique de l\u2019ensemble de la province.[\/vc_column_text]<div class=\"text-center\"><a class=\"btn with-icon btn-highlight btn-lg\" href=\"http:\/\/buylocalnb.ca\/wp-content\/uploads\/2017\/03\/NFU-NB_Market-Map_web-m-1.pdf\" target=\"_blank\" style=\"font-size: 50;\"><i class=\"icon-download\" ><\/i> T\u00e9l\u00e9chargez la carte des march\u00e9s agricoles <\/a><\/div>[vc_column_text css=\u00a0\u00bb.vc_custom_1490972979994{margin-top: 20px !important;}\u00a0\u00bb]Toute l\u2019information pr\u00e9sent\u00e9e sur la carte des march\u00e9s agricoles du N.\u2011B. se trouve \u00e9galement dans le r\u00e9pertoire AcheterLocal NB ci-dessus. Essayez de taper \u00ab\u00a0Farmers\u2019 Market \u2013 March\u00e9 agricole\u00a0\u00bb dans la barre de recherche, ou s\u00e9lectionnez la cat\u00e9gorie \u00ab\u00a0Farmers\u2019 Market \u2013 March\u00e9 agricole\u00a0\u00bb sur le c\u00f4t\u00e9 droit de la carte.[\/vc_column_text][\/vc_column_inner][vc_column_inner width=\u00a0\u00bb1\/2&Prime;][vc_single_image image=\u00a0\u00bb11075&Prime; img_size=\u00a0\u00bb400X535&Prime; alignment=\u00a0\u00bbcenter\u00a0\u00bb][\/vc_column_inner][\/vc_row_inner][\/vc_column][\/vc_row][vc_row content_placement=\u00a0\u00bbtop\u00a0\u00bb text_color=\u00a0\u00bb#004878&Prime; type=\u00a0\u00bbcolor\u00a0\u00bb padding_top=\u00a0\u00bb0&Prime; padding_bottom=\u00a0\u00bb0&Prime; margin_top=\u00a0\u00bb5&Prime;][vc_column width=\u00a0\u00bb1\/2&Prime;][vc_column_text font_size=\u00a0\u00bb18&Prime; responsive_font=\u00a0\u00bbyes\u00a0\u00bb font_size_xs=\u00a0\u00bb14&Prime; css=\u00a0\u00bb.vc_custom_1491242346844{padding-left: 40px !important;}\u00a0\u00bb]<\/p>\n<h2 style=\"text-align: center;\">Accordez la priorit\u00e9 aux producteurs de BuyLocal\u00a0NB!<\/h2>\n<p>[\/vc_column_text][vc_video link=\u00a0\u00bbhttps:\/\/www.youtube.com\/watch?v=5o-HAXxvmo4&Prime; align=\u00a0\u00bbcenter\u00a0\u00bb css=\u00a0\u00bb.vc_custom_1491242371188{padding-top: -20px !important;padding-right: 20px !important;padding-left: 20px !important;}\u00a0\u00bb][\/vc_column][vc_column width=\u00a0\u00bb1\/2&Prime; css=\u00a0\u00bb.vc_custom_1488047626061{padding-top: 80px !important;}\u00a0\u00bb][vc_video link=\u00a0\u00bbhttps:\/\/www.youtube.com\/watch?v=soL-_vpcuT0&Prime; align=\u00a0\u00bbcenter\u00a0\u00bb css=\u00a0\u00bb.vc_custom_1491242405975{margin-top: 35px !important;border-left-width: 0px !important;padding-top: -50px !important;padding-right: 20px !important;padding-left: 20px !important;}\u00a0\u00bb][\/vc_column][\/vc_row][\/vc_section][vc_row 0=\u00a0\u00bb\u00a0\u00bb][vc_column 0=\u00a0\u00bb\u00a0\u00bb][\/vc_column][\/vc_row]<\/p>\n","protected":false},"excerpt":{"rendered":"<p>[vc_section 0=\u00a0\u00bb\u00a0\u00bb][vc_row][vc_column][vc_custom_heading text=\u00a0\u00bbBienvenue sur le r\u00e9pertoire de Buy Local NB \u00a0\u00bb font_container=\u00a0\u00bbtag:h2|text_align:center|color:%23004878&Prime; google_fonts=\u00a0\u00bbfont_family:PT%20Sans%3Aregular%2Citalic%2C700%2C700italic|font_style:700%20bold%20regular%3A700%3Anormal\u00a0\u00bb][vc_column_text font_size=\u00a0\u00bb20&Prime; responsive_font=\u00a0\u00bbyes\u00a0\u00bb font_size_xs=\u00a0\u00bb15&Prime; font_size_sm=\u00a0\u00bb18&Prime; font_size_md=\u00a0\u00bb20&Prime;]Notre patrimoine culturel\u00a0: go\u00fbtez-y en d\u00e9gustant les produits de nos cultivateurs et d\u00e9couvrez-le en admirant le travail de nos artisans. Et vous soutiendrez en m\u00eame temps notre \u00e9conomie locale![\/vc_column_text][vc_row_inner][vc_column_inner width=\u00a0\u00bb1\/2&Prime;][vc_column_text font_size=\u00a0\u00bb18&Prime; css=\u00a0\u00bb.vc_custom_1490972924242{margin-top: -20px !important;}\u00a0\u00bb]Vous cherchez un march\u00e9 agricole pr\u00e8s de chez vous? D\u00e9velopp\u00e9e<\/p>\n","protected":false},"author":1,"featured_media":0,"parent":0,"menu_order":0,"comment_status":"closed","ping_status":"closed","template":"","meta":{"_exactmetrics_skip_tracking":false,"_exactmetrics_sitenote_active":false,"_exactmetrics_sitenote_note":"","_exactmetrics_sitenote_category":0,"footnotes":""},"class_list":["post-12782","page","type-page","status-publish","hentry"],"_links":{"self":[{"href":"https:\/\/buylocalnb.ca\/fr\/wp-json\/wp\/v2\/pages\/12782","targetHints":{"allow":["GET"]}}],"collection":[{"href":"https:\/\/buylocalnb.ca\/fr\/wp-json\/wp\/v2\/pages"}],"about":[{"href":"https:\/\/buylocalnb.ca\/fr\/wp-json\/wp\/v2\/types\/page"}],"author":[{"embeddable":true,"href":"https:\/\/buylocalnb.ca\/fr\/wp-json\/wp\/v2\/users\/1"}],"replies":[{"embeddable":true,"href":"https:\/\/buylocalnb.ca\/fr\/wp-json\/wp\/v2\/comments?post=12782"}],"version-history":[{"count":2,"href":"https:\/\/buylocalnb.ca\/fr\/wp-json\/wp\/v2\/pages\/12782\/revisions"}],"predecessor-version":[{"id":12859,"href":"https:\/\/buylocalnb.ca\/fr\/wp-json\/wp\/v2\/pages\/12782\/revisions\/12859"}],"wp:attachment":[{"href":"https:\/\/buylocalnb.ca\/fr\/wp-json\/wp\/v2\/media?parent=12782"}],"curies":[{"name":"wp","href":"https:\/\/api.w.org\/{rel}","templated":true}]}}